{"id":214,"date":"2021-10-20T17:34:39","date_gmt":"2021-10-20T15:34:39","guid":{"rendered":"http:\/\/chantepourlui.com\/?page_id=214"},"modified":"2022-12-10T19:55:09","modified_gmt":"2022-12-10T18:55:09","slug":"agenda","status":"publish","type":"page","link":"http:\/\/chantepourlui.com\/?page_id=214","title":{"rendered":"Agenda"},"content":{"rendered":"\t\t<div data-elementor-type=\"wp-page\" data-elementor-id=\"214\" class=\"elementor elementor-214\" data-elementor-settings=\"[]\">\n\t\t\t\t\t\t\t<div class=\"elementor-section-wrap\">\n\t\t\t\t\t\t\t<section class=\"elementor-section elementor-top-section elementor-element elementor-element-972a3a6 elementor-section-stretched elementor-section-boxed elementor-section-height-default elementor-section-height-default\" data-id=\"972a3a6\" data-element_type=\"section\" data-settings=\"{&quot;stretch_section&quot;:&quot;section-stretched&quot;}\">\n\t\t\t\t\t\t<div class=\"elementor-container elementor-column-gap-default\">\n\t\t\t\t\t<div class=\"elementor-column elementor-col-100 elementor-top-column elementor-element elementor-element-71323dc\" data-id=\"71323dc\" data-element_type=\"column\">\n\t\t\t<div class=\"elementor-widget-wrap elementor-element-populated\">\n\t\t\t\t\t\t\t\t<div class=\"elementor-element elementor-element-c34429f elementor-widget elementor-widget-heading\" data-id=\"c34429f\" data-element_type=\"widget\" data-widget_type=\"heading.default\">\n\t\t\t\t<div class=\"elementor-widget-container\">\n\t\t\t<h2 class=\"elementor-heading-title elementor-size-default\">Cr\u00e9ation<\/h2>\t\t<\/div>\n\t\t\t\t<\/div>\n\t\t\t\t\t<\/div>\n\t\t<\/div>\n\t\t\t\t\t\t\t<\/div>\n\t\t<\/section>\n\t\t\t\t<section class=\"elementor-section elementor-top-section elementor-element elementor-element-6a06479 elementor-section-stretched elementor-section-boxed elementor-section-height-default elementor-section-height-default\" data-id=\"6a06479\" data-element_type=\"section\" data-settings=\"{&quot;stretch_section&quot;:&quot;section-stretched&quot;}\">\n\t\t\t\t\t\t<div class=\"elementor-container elementor-column-gap-default\">\n\t\t\t\t\t<div class=\"elementor-column elementor-col-100 elementor-top-column elementor-element elementor-element-ac0b5f0\" data-id=\"ac0b5f0\" data-element_type=\"column\">\n\t\t\t<div class=\"elementor-widget-wrap elementor-element-populated\">\n\t\t\t\t\t\t\t\t<div class=\"elementor-element elementor-element-90b0adc elementor-widget__width-inherit elementor-widget elementor-widget-text-editor\" data-id=\"90b0adc\" data-element_type=\"widget\" data-widget_type=\"text-editor.default\">\n\t\t\t\t<div class=\"elementor-widget-container\">\n\t\t\t\t\t\t\t<div id=\"m_-8308880338960263858gmail-comp-k3u5f96w\"><h4><span style=\"font-weight: normal;\">Les r\u00e9sidences de cr\u00e9ation ont d\u00e9but\u00e9 en septembre \u00e0 2020 pour reprendre en septembre 2021 dans diff\u00e9rents lieux de la R\u00e9gion Centre Val de Loire<\/span><\/h4><div>\u00a0<\/div><\/div><ul><li>Du 7 au 11 Septembre 2020\u00a0: Abbaye de Noirlac (18)<\/li><li>Du 14 au 18 Septembre 2020\u00a0: La Pratique, Vatan (36)<\/li><li>Du 28 Septembre au 2 Octobre 2020\u00a0: Th\u00e9\u00e2tre G\u00e9rard Philipe, Orl\u00e9ans (45)<\/li><li>Du 26 au 31 Octobre 2020\u00a0: Centre Culturel de St Pierre des Corps (37)<\/li><li>Du 23 au 27\u00a0 Novembre 2020\u00a0: Centre Culturel de St Pierre des Corps (37)<\/li><li>Du 22 au 27\u00a0 Septembre 2021 : L\u2019Alliage, Olivet (45)<\/li><\/ul><ul><li>Octobre-Novembre-D\u00e9cembre 2021: Interventions p\u00e9dagogiques Coll\u00e8ge Decour, St Pierre des Corps (37)<\/li><\/ul>\t\t\t\t\t\t<\/div>\n\t\t\t\t<\/div>\n\t\t\t\t\t<\/div>\n\t\t<\/div>\n\t\t\t\t\t\t\t<\/div>\n\t\t<\/section>\n\t\t\t\t<section class=\"elementor-section elementor-top-section elementor-element elementor-element-44248b5 elementor-section-stretched elementor-section-boxed elementor-section-height-default elementor-section-height-default\" data-id=\"44248b5\" data-element_type=\"section\" data-settings=\"{&quot;stretch_section&quot;:&quot;section-stretched&quot;}\">\n\t\t\t\t\t\t<div class=\"elementor-container elementor-column-gap-default\">\n\t\t\t\t\t<div class=\"elementor-column elementor-col-100 elementor-top-column elementor-element elementor-element-1c4503f\" data-id=\"1c4503f\" data-element_type=\"column\">\n\t\t\t<div class=\"elementor-widget-wrap elementor-element-populated\">\n\t\t\t\t\t\t\t\t<div class=\"elementor-element elementor-element-6fbc571 elementor-widget elementor-widget-heading\" data-id=\"6fbc571\" data-element_type=\"widget\" data-widget_type=\"heading.default\">\n\t\t\t\t<div class=\"elementor-widget-container\">\n\t\t\t<h2 class=\"elementor-heading-title elementor-size-default\">Repr\u00e9sentations<\/h2>\t\t<\/div>\n\t\t\t\t<\/div>\n\t\t\t\t\t<\/div>\n\t\t<\/div>\n\t\t\t\t\t\t\t<\/div>\n\t\t<\/section>\n\t\t\t\t<section class=\"elementor-section elementor-top-section elementor-element elementor-element-eba9e9b elementor-section-stretched elementor-section-boxed elementor-section-height-default elementor-section-height-default\" data-id=\"eba9e9b\" data-element_type=\"section\" data-settings=\"{&quot;stretch_section&quot;:&quot;section-stretched&quot;}\">\n\t\t\t\t\t\t<div class=\"elementor-container elementor-column-gap-default\">\n\t\t\t\t\t<div class=\"elementor-column elementor-col-100 elementor-top-column elementor-element elementor-element-80415b3\" data-id=\"80415b3\" data-element_type=\"column\">\n\t\t\t<div class=\"elementor-widget-wrap elementor-element-populated\">\n\t\t\t\t\t\t\t\t<div class=\"elementor-element elementor-element-dee7bb5 elementor-widget__width-inherit elementor-widget elementor-widget-text-editor\" data-id=\"dee7bb5\" data-element_type=\"widget\" data-widget_type=\"text-editor.default\">\n\t\t\t\t<div class=\"elementor-widget-container\">\n\t\t\t\t\t\t\t<section data-id=\"78eab49\" data-element_type=\"section\">\n<div>\n<div data-id=\"d9c2e25\" data-element_type=\"column\">\n<div>\n<div data-id=\"d19f54e\" data-element_type=\"widget\" data-widget_type=\"text-editor.default\">\n<div>\n<div>\n<div>\n<div>\n<div>\n<p>Sorties de cr\u00e9ation:<\/p>\n<ul>\n<li>\n<p style=\"text-align: left;\">4 D\u00e9cembre 2021 : Festival \u2018Enracinement D\u00e9racinement\u2019 &nbsp;&nbsp;Th\u00e9\u00e2tre G\u00e9rard Philipe, Orl\u00e9ans (45)<\/p>\n<\/li>\n<\/ul>\n<ul>\n<li>\n<p>9 D\u00e9cembre 2021 : Saison Culturelle Centre culturel, St Pierre des Corps (37)<\/p>\n<\/li>\n<\/ul>\n<p>A venir:<\/p>\n<ul>\n<li>10 F\u00e9vrier 2023 : Saison Culturelle de St Jean de Braye (45)<\/li>\n<li>17 Mars 2023 : L&#8217;Unisson, Saison Culturelle de St Jean de la Ruelle (45) &#8211; 2 repr\u00e9sentations<br><\/li>\n<li>31 Mars 2023 : Festival Elles au Centre, La Fabrique, Meung sur Loire (45)<br><\/li>\n<\/ul>\n<\/div>\n<\/div>\n<\/div>\n<\/div>\n<\/div>\n<\/div>\n<\/div>\n<\/div>\n<\/div>\n<\/section>\t\t\t\t\t\t<\/div>\n\t\t\t\t<\/div>\n\t\t\t\t<div class=\"elementor-element elementor-element-bbccd8f elementor-widget elementor-widget-text-editor\" data-id=\"bbccd8f\" data-element_type=\"widget\" data-widget_type=\"text-editor.default\">\n\t\t\t\t<div class=\"elementor-widget-container\">\n\t\t\t\t\t\t\t\t\t\t\t\t\t<\/div>\n\t\t\t\t<\/div>\n\t\t\t\t\t<\/div>\n\t\t<\/div>\n\t\t\t\t\t\t\t<\/div>\n\t\t<\/section>\n\t\t\t\t\t\t<\/div>\n\t\t\t\t\t<\/div>\n\t\t","protected":false},"excerpt":{"rendered":"<p>Cr\u00e9ation Les r\u00e9sidences de cr\u00e9ation ont d\u00e9but\u00e9 en septembre \u00e0 2020 pour reprendre en septembre 2021 dans diff\u00e9rents lieux de la R\u00e9gion Centre Val de Loire \u00a0 Du 7 au 11 Septembre 2020\u00a0: Abbaye de Noirlac (18) Du 14 au 18 Septembre 2020\u00a0: La Pratique, Vatan (36) Du 28 Septembre au 2 Octobre 2020\u00a0: Th\u00e9\u00e2tre&hellip; <a class=\"more-link\" href=\"http:\/\/chantepourlui.com\/?page_id=214\">Continue reading <span class=\"screen-reader-text\">Agenda<\/span><\/a><\/p>\n","protected":false},"author":1,"featured_media":0,"parent":0,"menu_order":0,"comment_status":"closed","ping_status":"closed","template":"","meta":{"om_disable_all_campaigns":false,"_monsterinsights_skip_tracking":false,"_monsterinsights_sitenote_active":false,"_monsterinsights_sitenote_note":"","_monsterinsights_sitenote_category":0},"aioseo_notices":[],"_links":{"self":[{"href":"http:\/\/chantepourlui.com\/index.php?rest_route=\/wp\/v2\/pages\/214"}],"collection":[{"href":"http:\/\/chantepourlui.com\/index.php?rest_route=\/wp\/v2\/pages"}],"about":[{"href":"http:\/\/chantepourlui.com\/index.php?rest_route=\/wp\/v2\/types\/page"}],"author":[{"embeddable":true,"href":"http:\/\/chantepourlui.com\/index.php?rest_route=\/wp\/v2\/users\/1"}],"replies":[{"embeddable":true,"href":"http:\/\/chantepourlui.com\/index.php?rest_route=%2Fwp%2Fv2%2Fcomments&post=214"}],"version-history":[{"count":17,"href":"http:\/\/chantepourlui.com\/index.php?rest_route=\/wp\/v2\/pages\/214\/revisions"}],"predecessor-version":[{"id":321,"href":"http:\/\/chantepourlui.com\/index.php?rest_route=\/wp\/v2\/pages\/214\/revisions\/321"}],"wp:attachment":[{"href":"http:\/\/chantepourlui.com\/index.php?rest_route=%2Fwp%2Fv2%2Fmedia&parent=214"}],"curies":[{"name":"wp","href":"https:\/\/api.w.org\/{rel}","templated":true}]}}