{"id":5,"date":"2021-10-05T11:56:50","date_gmt":"2021-10-05T09:56:50","guid":{"rendered":"http:\/\/chantepourlui.com\/?page_id=5"},"modified":"2021-11-01T12:11:13","modified_gmt":"2021-11-01T11:11:13","slug":"accueil","status":"publish","type":"page","link":"http:\/\/chantepourlui.com\/","title":{"rendered":"Accueil"},"content":{"rendered":"\t\t<div data-elementor-type=\"wp-page\" data-elementor-id=\"5\" class=\"elementor elementor-5\" data-elementor-settings=\"[]\">\n\t\t\t\t\t\t\t<div class=\"elementor-section-wrap\">\n\t\t\t\t\t\t\t<section class=\"elementor-section elementor-top-section elementor-element elementor-element-17620a5 elementor-section-boxed elementor-section-height-default elementor-section-height-default\" data-id=\"17620a5\" data-element_type=\"section\">\n\t\t\t\t\t\t<div class=\"elementor-container elementor-column-gap-default\">\n\t\t\t\t\t<div class=\"elementor-column elementor-col-100 elementor-top-column elementor-element elementor-element-6415d71\" data-id=\"6415d71\" data-element_type=\"column\">\n\t\t\t<div class=\"elementor-widget-wrap elementor-element-populated\">\n\t\t\t\t\t\t\t\t<div class=\"elementor-element elementor-element-777f3c2 elementor-invisible elementor-widget elementor-widget-image\" data-id=\"777f3c2\" data-element_type=\"widget\" data-settings=\"{&quot;_animation&quot;:&quot;fadeInRight&quot;}\" data-widget_type=\"image.default\">\n\t\t\t\t<div class=\"elementor-widget-container\">\n\t\t\t\t\t\t\t\t\t\t\t\t\t\t\t\t<a href=\"http:\/\/www.nagaprod.com\">\n\t\t\t\t\t\t\t<img width=\"150\" height=\"150\" src=\"http:\/\/chantepourlui.com\/wp-content\/uploads\/2021\/11\/Na\u0304ga-Fond-Noir-150x150.jpg\" class=\"attachment-thumbnail size-thumbnail\" alt=\"\" loading=\"lazy\" style=\"width:100%;height:143.49%;max-width:945px\" \/>\t\t\t\t\t\t\t\t<\/a>\n\t\t\t\t\t\t\t\t\t\t\t\t\t\t\t<\/div>\n\t\t\t\t<\/div>\n\t\t\t\t<div class=\"elementor-element elementor-element-47e1ac5 elementor-widget elementor-widget-spacer\" data-id=\"47e1ac5\" data-element_type=\"widget\" data-widget_type=\"spacer.default\">\n\t\t\t\t<div class=\"elementor-widget-container\">\n\t\t\t\t\t<div class=\"elementor-spacer\">\n\t\t\t<div class=\"elementor-spacer-inner\"><\/div>\n\t\t<\/div>\n\t\t\t\t<\/div>\n\t\t\t\t<\/div>\n\t\t\t\t\t<\/div>\n\t\t<\/div>\n\t\t\t\t\t\t\t<\/div>\n\t\t<\/section>\n\t\t\t\t<section class=\"elementor-section elementor-top-section elementor-element elementor-element-a6ab557 elementor-section-boxed elementor-section-height-default elementor-section-height-default\" data-id=\"a6ab557\" data-element_type=\"section\">\n\t\t\t\t\t\t<div class=\"elementor-container elementor-column-gap-default\">\n\t\t\t\t\t<div class=\"elementor-column elementor-col-100 elementor-top-column elementor-element elementor-element-f90f372\" data-id=\"f90f372\" data-element_type=\"column\">\n\t\t\t<div class=\"elementor-widget-wrap elementor-element-populated\">\n\t\t\t\t\t\t\t\t<div class=\"elementor-element elementor-element-9338401 elementor-invisible elementor-widget elementor-widget-heading\" data-id=\"9338401\" data-element_type=\"widget\" data-settings=\"{&quot;_animation&quot;:&quot;fadeInRight&quot;}\" data-widget_type=\"heading.default\">\n\t\t\t\t<div class=\"elementor-widget-container\">\n\t\t\t<h2 class=\"elementor-heading-title elementor-size-default\">pr\u00e9sente<\/h2>\t\t<\/div>\n\t\t\t\t<\/div>\n\t\t\t\t<div class=\"elementor-element elementor-element-1db990b elementor-widget elementor-widget-spacer\" data-id=\"1db990b\" data-element_type=\"widget\" data-widget_type=\"spacer.default\">\n\t\t\t\t<div class=\"elementor-widget-container\">\n\t\t\t\t\t<div class=\"elementor-spacer\">\n\t\t\t<div class=\"elementor-spacer-inner\"><\/div>\n\t\t<\/div>\n\t\t\t\t<\/div>\n\t\t\t\t<\/div>\n\t\t\t\t\t<\/div>\n\t\t<\/div>\n\t\t\t\t\t\t\t<\/div>\n\t\t<\/section>\n\t\t\t\t<section class=\"elementor-section elementor-top-section elementor-element elementor-element-c8397f1 elementor-section-boxed elementor-section-height-default elementor-section-height-default\" data-id=\"c8397f1\" data-element_type=\"section\">\n\t\t\t\t\t\t<div class=\"elementor-container elementor-column-gap-default\">\n\t\t\t\t\t<div class=\"elementor-column elementor-col-100 elementor-top-column elementor-element elementor-element-feb5882\" data-id=\"feb5882\" data-element_type=\"column\">\n\t\t\t<div class=\"elementor-widget-wrap elementor-element-populated\">\n\t\t\t\t\t\t\t\t<div class=\"elementor-element elementor-element-432418e elementor-invisible elementor-widget elementor-widget-heading\" data-id=\"432418e\" data-element_type=\"widget\" data-settings=\"{&quot;_animation&quot;:&quot;fadeIn&quot;}\" data-widget_type=\"heading.default\">\n\t\t\t\t<div class=\"elementor-widget-container\">\n\t\t\t<h2 class=\"elementor-heading-title elementor-size-default\">CHANTE POUR LUI <\/h2>\t\t<\/div>\n\t\t\t\t<\/div>\n\t\t\t\t\t<\/div>\n\t\t<\/div>\n\t\t\t\t\t\t\t<\/div>\n\t\t<\/section>\n\t\t\t\t<section class=\"elementor-section elementor-top-section elementor-element elementor-element-e21b1cb elementor-section-boxed elementor-section-height-default elementor-section-height-default\" data-id=\"e21b1cb\" data-element_type=\"section\">\n\t\t\t\t\t\t<div class=\"elementor-container elementor-column-gap-default\">\n\t\t\t\t\t<div class=\"elementor-column elementor-col-100 elementor-top-column elementor-element elementor-element-439a796\" data-id=\"439a796\" data-element_type=\"column\">\n\t\t\t<div class=\"elementor-widget-wrap elementor-element-populated\">\n\t\t\t\t\t\t\t\t<div class=\"elementor-element elementor-element-0ed5075 elementor-widget elementor-widget-text-editor\" data-id=\"0ed5075\" data-element_type=\"widget\" data-widget_type=\"text-editor.default\">\n\t\t\t\t<div class=\"elementor-widget-container\">\n\t\t\t\t\t\t\t<h4>&#8211; Sortie D\u00e9cembre 2021 &#8211;<\/h4>\n<h5>&nbsp;<\/h5>\n<h5><span style=\"font-weight: normal;\">&#8216;Chante pour lui&#8217; propose une interpr\u00e9tation de l&#8217;oeuvre de l&#8217;immense po\u00e8te palestinien Mahmoud Darwich.<\/span><\/h5>\n<h5><span style=\"font-weight: normal;\">Un univers fait de contrastes qui nous conte la fragilit\u00e9 et la sensibilit\u00e9 humaine<\/span><\/h5>\n<h5><span style=\"font-weight: normal;\">comme la violence du monde.<\/span><\/h5>\t\t\t\t\t\t<\/div>\n\t\t\t\t<\/div>\n\t\t\t\t\t<\/div>\n\t\t<\/div>\n\t\t\t\t\t\t\t<\/div>\n\t\t<\/section>\n\t\t\t\t<section class=\"elementor-section elementor-top-section elementor-element elementor-element-c308911 elementor-section-boxed elementor-section-height-default elementor-section-height-default\" data-id=\"c308911\" data-element_type=\"section\">\n\t\t\t\t\t\t<div class=\"elementor-container elementor-column-gap-default\">\n\t\t\t\t\t<div class=\"elementor-column elementor-col-100 elementor-top-column elementor-element elementor-element-faff7e6\" data-id=\"faff7e6\" data-element_type=\"column\">\n\t\t\t<div class=\"elementor-widget-wrap elementor-element-populated\">\n\t\t\t\t\t\t\t\t<div class=\"elementor-element elementor-element-4a0576e elementor-widget elementor-widget-text-editor\" data-id=\"4a0576e\" data-element_type=\"widget\" data-widget_type=\"text-editor.default\">\n\t\t\t\t<div class=\"elementor-widget-container\">\n\t\t\t\t\t\t\t<h5><i><span style=\"font-weight: normal;\">Une rencontre des arts vivants et visuels,<br>quelque part o\u00f9 le mouvement rencontre le son<br>pour donner vie aux mots.<\/span><\/i><\/h5>\t\t\t\t\t\t<\/div>\n\t\t\t\t<\/div>\n\t\t\t\t\t<\/div>\n\t\t<\/div>\n\t\t\t\t\t\t\t<\/div>\n\t\t<\/section>\n\t\t\t\t<section class=\"elementor-section elementor-top-section elementor-element elementor-element-bdbf0c1 elementor-section-stretched elementor-section-boxed elementor-section-height-default elementor-section-height-default\" data-id=\"bdbf0c1\" data-element_type=\"section\" data-settings=\"{&quot;stretch_section&quot;:&quot;section-stretched&quot;}\">\n\t\t\t\t\t\t<div class=\"elementor-container elementor-column-gap-default\">\n\t\t\t\t\t<div class=\"elementor-column elementor-col-100 elementor-top-column elementor-element elementor-element-87f93ae\" data-id=\"87f93ae\" data-element_type=\"column\">\n\t\t\t<div class=\"elementor-widget-wrap elementor-element-populated\">\n\t\t\t\t\t\t\t\t<div class=\"elementor-element elementor-element-fd50d58 elementor-widget elementor-widget-text-editor\" data-id=\"fd50d58\" data-element_type=\"widget\" data-widget_type=\"text-editor.default\">\n\t\t\t\t<div class=\"elementor-widget-container\">\n\t\t\t\t\t\t\t<div id=\"m_-3052368593664314936gmail-comp-k3u9zjp2\"><em><br><\/em><\/div><div><em><\/em><em>&#8220;Ami, si le canari ne chante pas,<\/em><em> ne bl\u00e2me nul autre que toi.<\/em><\/div>\n<div><em>Ami, si le canari ne chante pas,<\/em><em> chante pour lui, chante&#8230;&#8221;<\/em><\/div>\n<div><em>&nbsp;<\/em><\/div>\n<div id=\"m_-3052368593664314936gmail-i8haog6z_1\">\n<div>\n<div>\n<h6 id=\"m_-3052368593664314936gmail-i8haog73_1\">&nbsp;<\/h6>\n<\/div>\n<\/div><\/div>\t\t\t\t\t\t<\/div>\n\t\t\t\t<\/div>\n\t\t\t\t\t<\/div>\n\t\t<\/div>\n\t\t\t\t\t\t\t<\/div>\n\t\t<\/section>\n\t\t\t\t<section class=\"elementor-section elementor-top-section elementor-element elementor-element-4eb1cc6 elementor-section-full_width elementor-section-stretched elementor-section-height-default elementor-section-height-default\" data-id=\"4eb1cc6\" data-element_type=\"section\" data-settings=\"{&quot;stretch_section&quot;:&quot;section-stretched&quot;}\">\n\t\t\t\t\t\t<div class=\"elementor-container elementor-column-gap-default\">\n\t\t\t\t\t<div class=\"elementor-column elementor-col-100 elementor-top-column elementor-element elementor-element-d82a98d\" data-id=\"d82a98d\" data-element_type=\"column\">\n\t\t\t<div class=\"elementor-widget-wrap elementor-element-populated\">\n\t\t\t\t\t\t\t\t<div class=\"elementor-element elementor-element-227a7b6 elementor-widget elementor-widget-text-editor\" data-id=\"227a7b6\" data-element_type=\"widget\" data-widget_type=\"text-editor.default\">\n\t\t\t\t<div class=\"elementor-widget-container\">\n\t\t\t\t\t\t\t<p><strong>Georgia Hadjab<\/strong>: voix<\/p>\n<p><strong>Fred Ferrand<\/strong>: accord\u00e9on<\/p>\n<p><strong>Simon Couratier<\/strong>: saxophones, fl\u00fbte, machines<\/p>\n<p><strong>Ale Vuillermin<\/strong>: cr\u00e9ation vid\u00e9o et lumi\u00e8res<\/p>\n<p><strong>Younes Bekraoui<\/strong> : ing\u00e9nieur du son<\/p>\n<p><strong>Johanna Levy<\/strong>: chor\u00e9graphe, regard ext\u00e9rieur<\/p><p><br><\/p>\n<p>Avec la participation de<\/p>\n<p><strong>Estelle Bezault<\/strong>: direction acteur<\/p>\n<p><strong>Bam<\/strong>: dessin animation<\/p>\t\t\t\t\t\t<\/div>\n\t\t\t\t<\/div>\n\t\t\t\t\t<\/div>\n\t\t<\/div>\n\t\t\t\t\t\t\t<\/div>\n\t\t<\/section>\n\t\t\t\t<section class=\"elementor-section elementor-top-section elementor-element elementor-element-0adaf1b elementor-section-boxed elementor-section-height-default elementor-section-height-default\" data-id=\"0adaf1b\" data-element_type=\"section\">\n\t\t\t\t\t\t<div class=\"elementor-container elementor-column-gap-default\">\n\t\t\t\t\t<div class=\"elementor-column elementor-col-100 elementor-top-column elementor-element elementor-element-1455fd7\" data-id=\"1455fd7\" data-element_type=\"column\" data-settings=\"{&quot;background_background&quot;:&quot;gradient&quot;}\">\n\t\t\t<div class=\"elementor-widget-wrap elementor-element-populated\">\n\t\t\t\t\t\t\t\t<div class=\"elementor-element elementor-element-3755ce5 elementor-widget elementor-widget-text-editor\" data-id=\"3755ce5\" data-element_type=\"widget\" data-widget_type=\"text-editor.default\">\n\t\t\t\t<div class=\"elementor-widget-container\">\n\t\t\t\t\t\t\t<h6><strong>Un grand merci \u00e0:<\/strong><\/h6><h6><strong>L&#8217;Abbaye de Noirlac, La Pratique, L&#8217;Alliage, Espace Culturel de St Jean de Braye, Perrine Pierson, Sylvain Briant, Beno\u00eet Barberon, Ana\u00efs Rambaud, G\u00e9rard Bedu, Nathana\u00ebl Charpentier, Lisa Nadin, Th\u00e9\u00e2tre Charbon,Thierry Falvisaner, Marie Dubois, Mohamed Hasanat, Guillaume Coquand, Arthur Pierre.<\/strong><\/h6>\t\t\t\t\t\t<\/div>\n\t\t\t\t<\/div>\n\t\t\t\t\t<\/div>\n\t\t<\/div>\n\t\t\t\t\t\t\t<\/div>\n\t\t<\/section>\n\t\t\t\t\t\t<\/div>\n\t\t\t\t\t<\/div>\n\t\t","protected":false},"excerpt":{"rendered":"<p>pr\u00e9sente CHANTE POUR LUI &#8211; Sortie D\u00e9cembre 2021 &#8211; &nbsp; &#8216;Chante pour lui&#8217; propose une interpr\u00e9tation de l&#8217;oeuvre de l&#8217;immense po\u00e8te palestinien Mahmoud Darwich. Un univers fait de contrastes qui nous conte la fragilit\u00e9 et la sensibilit\u00e9 humaine comme la violence du monde. Une rencontre des arts vivants et visuels,quelque part o\u00f9 le mouvement rencontre&hellip; <a class=\"more-link\" href=\"http:\/\/chantepourlui.com\/\">Continue reading <span class=\"screen-reader-text\">Accueil<\/span><\/a><\/p>\n","protected":false},"author":1,"featured_media":0,"parent":0,"menu_order":0,"comment_status":"closed","ping_status":"closed","template":"","meta":{"om_disable_all_campaigns":false,"_monsterinsights_skip_tracking":false,"_monsterinsights_sitenote_active":false,"_monsterinsights_sitenote_note":"","_monsterinsights_sitenote_category":0},"aioseo_notices":[],"_links":{"self":[{"href":"http:\/\/chantepourlui.com\/index.php?rest_route=\/wp\/v2\/pages\/5"}],"collection":[{"href":"http:\/\/chantepourlui.com\/index.php?rest_route=\/wp\/v2\/pages"}],"about":[{"href":"http:\/\/chantepourlui.com\/index.php?rest_route=\/wp\/v2\/types\/page"}],"author":[{"embeddable":true,"href":"http:\/\/chantepourlui.com\/index.php?rest_route=\/wp\/v2\/users\/1"}],"replies":[{"embeddable":true,"href":"http:\/\/chantepourlui.com\/index.php?rest_route=%2Fwp%2Fv2%2Fcomments&post=5"}],"version-history":[{"count":69,"href":"http:\/\/chantepourlui.com\/index.php?rest_route=\/wp\/v2\/pages\/5\/revisions"}],"predecessor-version":[{"id":291,"href":"http:\/\/chantepourlui.com\/index.php?rest_route=\/wp\/v2\/pages\/5\/revisions\/291"}],"wp:attachment":[{"href":"http:\/\/chantepourlui.com\/index.php?rest_route=%2Fwp%2Fv2%2Fmedia&parent=5"}],"curies":[{"name":"wp","href":"https:\/\/api.w.org\/{rel}","templated":true}]}}