{"id":8,"date":"2021-10-05T11:57:12","date_gmt":"2021-10-05T09:57:12","guid":{"rendered":"http:\/\/chantepourlui.com\/?page_id=8"},"modified":"2021-10-20T19:00:28","modified_gmt":"2021-10-20T17:00:28","slug":"actualite","status":"publish","type":"page","link":"http:\/\/chantepourlui.com\/?page_id=8","title":{"rendered":"Actualit\u00e9"},"content":{"rendered":"\t\t<div data-elementor-type=\"wp-page\" data-elementor-id=\"8\" class=\"elementor elementor-8\" data-elementor-settings=\"[]\">\n\t\t\t\t\t\t\t<div class=\"elementor-section-wrap\">\n\t\t\t\t\t\t\t<section class=\"elementor-section elementor-top-section elementor-element elementor-element-54632d5 elementor-section-stretched elementor-section-boxed elementor-section-height-default elementor-section-height-default\" data-id=\"54632d5\" data-element_type=\"section\" data-settings=\"{&quot;stretch_section&quot;:&quot;section-stretched&quot;}\">\n\t\t\t\t\t\t<div class=\"elementor-container elementor-column-gap-default\">\n\t\t\t\t\t<div class=\"elementor-column elementor-col-100 elementor-top-column elementor-element elementor-element-6b8099c\" data-id=\"6b8099c\" data-element_type=\"column\">\n\t\t\t<div class=\"elementor-widget-wrap elementor-element-populated\">\n\t\t\t\t\t\t\t\t<div class=\"elementor-element elementor-element-cef4328 elementor-widget elementor-widget-text-editor\" data-id=\"cef4328\" data-element_type=\"widget\" data-widget_type=\"text-editor.default\">\n\t\t\t\t<div class=\"elementor-widget-container\">\n\t\t\t\t\t\t\t\t\t\t\t\t\t<\/div>\n\t\t\t\t<\/div>\n\t\t\t\t<div class=\"elementor-element elementor-element-1cf357d elementor-widget__width-inherit elementor-widget elementor-widget-heading\" data-id=\"1cf357d\" data-element_type=\"widget\" data-widget_type=\"heading.default\">\n\t\t\t\t<div class=\"elementor-widget-container\">\n\t\t\t<h2 class=\"elementor-heading-title elementor-size-default\">Presse<\/h2>\t\t<\/div>\n\t\t\t\t<\/div>\n\t\t\t\t\t<\/div>\n\t\t<\/div>\n\t\t\t\t\t\t\t<\/div>\n\t\t<\/section>\n\t\t\t\t<section class=\"elementor-section elementor-top-section elementor-element elementor-element-ed47f5b elementor-section-stretched elementor-section-boxed elementor-section-height-default elementor-section-height-default\" data-id=\"ed47f5b\" data-element_type=\"section\" data-settings=\"{&quot;stretch_section&quot;:&quot;section-stretched&quot;}\">\n\t\t\t\t\t\t<div class=\"elementor-container elementor-column-gap-default\">\n\t\t\t\t\t<div class=\"elementor-column elementor-col-100 elementor-top-column elementor-element elementor-element-c2ede73\" data-id=\"c2ede73\" data-element_type=\"column\">\n\t\t\t<div class=\"elementor-widget-wrap elementor-element-populated\">\n\t\t\t\t\t\t\t\t<div class=\"elementor-element elementor-element-6e05168 elementor-widget elementor-widget-text-editor\" data-id=\"6e05168\" data-element_type=\"widget\" data-widget_type=\"text-editor.default\">\n\t\t\t\t<div class=\"elementor-widget-container\">\n\t\t\t\t\t\t\t<div id=\"m_-8308880338960263858gmail-comp-k3u5ge1l\"><h4>&#8220;MAG CENTRE&#8221;<\/h4><div>\u00a0<\/div><\/div><div id=\"m_-8308880338960263858gmail-comp-k3u5ge22\"><h5><span style=\"font-weight: normal;\">Journ\u00e9e de cl\u00f4ture des Rami : de la po\u00e9sie \u00e0 tous les \u00e9tages<\/span><\/h5><h5><span style=\"font-weight: normal;\">Le texte po\u00e9tique a pris le pouvoir. <br \/><\/span><\/h5><h5><span style=\"font-weight: normal;\">Celui de Mahmoud Darwich d\u2019abord, introduit par une tr\u00e8s belle phrase au saxo de Simon Couratier. Darwich, ce sont des mots tr\u00e8s forts qui racontent la Palestine, <br \/><\/span><\/h5><h5><span style=\"font-weight: normal;\">la difficult\u00e9 de cette r\u00e9gion, l\u2019exil, mais pas seulement.<\/span><\/h5><h5><span style=\"font-weight: normal;\">La tr\u00e8s belle voix de Georgia Hadjab a fait vivre ces textes touchants, les a chant\u00e9s parfois, accompagn\u00e9e de l\u2019accord\u00e9on de Fred Ferrand et des machines, saxos et fl\u00fbte de Simon. <br \/><\/span><\/h5><h5><span style=\"font-weight: normal;\">L\u2019humanit\u00e9 du po\u00e8te est pass\u00e9e dans le travail de ce trio,<\/span><\/h5><h5><span style=\"font-weight: normal;\">rassembl\u00e9 par G\u00e9rard Bedu pour ces Rami.<\/span><\/h5><h5><span style=\"font-weight: normal;\">L\u2019Orient \u00e9tait l\u00e0, vivant, dans ce qu\u2019il a de plus universel, <br \/><\/span><\/h5><h5><span style=\"font-weight: normal;\">son ouverture au monde, son intelligence, ses couleurs et sa musicalit\u00e9.<\/span><\/h5><\/div>\t\t\t\t\t\t<\/div>\n\t\t\t\t<\/div>\n\t\t\t\t\t<\/div>\n\t\t<\/div>\n\t\t\t\t\t\t\t<\/div>\n\t\t<\/section>\n\t\t\t\t<section class=\"elementor-section elementor-top-section elementor-element elementor-element-86f1cfd elementor-section-stretched elementor-section-boxed elementor-section-height-default elementor-section-height-default\" data-id=\"86f1cfd\" data-element_type=\"section\" data-settings=\"{&quot;stretch_section&quot;:&quot;section-stretched&quot;}\">\n\t\t\t\t\t\t<div class=\"elementor-container elementor-column-gap-default\">\n\t\t\t\t\t<div class=\"elementor-column elementor-col-100 elementor-top-column elementor-element elementor-element-25c6ea7\" data-id=\"25c6ea7\" data-element_type=\"column\">\n\t\t\t<div class=\"elementor-widget-wrap elementor-element-populated\">\n\t\t\t\t\t\t\t\t<div class=\"elementor-element elementor-element-aafbb36 elementor-widget elementor-widget-heading\" data-id=\"aafbb36\" data-element_type=\"widget\" data-widget_type=\"heading.default\">\n\t\t\t\t<div class=\"elementor-widget-container\">\n\t\t\t<h2 class=\"elementor-heading-title elementor-size-default\">Teaser<\/h2>\t\t<\/div>\n\t\t\t\t<\/div>\n\t\t\t\t\t<\/div>\n\t\t<\/div>\n\t\t\t\t\t\t\t<\/div>\n\t\t<\/section>\n\t\t\t\t<section class=\"elementor-section elementor-top-section elementor-element elementor-element-9c6b881 elementor-section-stretched elementor-section-boxed elementor-section-height-default elementor-section-height-default\" data-id=\"9c6b881\" data-element_type=\"section\" data-settings=\"{&quot;stretch_section&quot;:&quot;section-stretched&quot;}\">\n\t\t\t\t\t\t<div class=\"elementor-container elementor-column-gap-default\">\n\t\t\t\t\t<div class=\"elementor-column elementor-col-100 elementor-top-column elementor-element elementor-element-4c7c174\" data-id=\"4c7c174\" data-element_type=\"column\">\n\t\t\t<div class=\"elementor-widget-wrap elementor-element-populated\">\n\t\t\t\t\t\t\t\t<div class=\"elementor-element elementor-element-a73df8a elementor-aspect-ratio-169 elementor-widget elementor-widget-video\" data-id=\"a73df8a\" data-element_type=\"widget\" data-settings=\"{&quot;youtube_url&quot;:&quot;https:\\\/\\\/www.youtube.com\\\/watch?v=0dyMgKVNKOw&quot;,&quot;video_type&quot;:&quot;youtube&quot;,&quot;controls&quot;:&quot;yes&quot;,&quot;aspect_ratio&quot;:&quot;169&quot;}\" data-widget_type=\"video.default\">\n\t\t\t\t<div class=\"elementor-widget-container\">\n\t\t\t\t\t<div class=\"elementor-wrapper elementor-fit-aspect-ratio elementor-open-inline\">\n\t\t\t<div class=\"elementor-video\"><\/div>\t\t<\/div>\n\t\t\t\t<\/div>\n\t\t\t\t<\/div>\n\t\t\t\t\t<\/div>\n\t\t<\/div>\n\t\t\t\t\t\t\t<\/div>\n\t\t<\/section>\n\t\t\t\t\t\t<\/div>\n\t\t\t\t\t<\/div>\n\t\t","protected":false},"excerpt":{"rendered":"<p>Presse &#8220;MAG CENTRE&#8221; \u00a0 Journ\u00e9e de cl\u00f4ture des Rami : de la po\u00e9sie \u00e0 tous les \u00e9tages Le texte po\u00e9tique a pris le pouvoir. Celui de Mahmoud Darwich d\u2019abord, introduit par une tr\u00e8s belle phrase au saxo de Simon Couratier. Darwich, ce sont des mots tr\u00e8s forts qui racontent la Palestine, la difficult\u00e9 de cette&hellip; <a class=\"more-link\" href=\"http:\/\/chantepourlui.com\/?page_id=8\">Continue reading <span class=\"screen-reader-text\">Actualit\u00e9<\/span><\/a><\/p>\n","protected":false},"author":1,"featured_media":0,"parent":0,"menu_order":0,"comment_status":"closed","ping_status":"closed","template":"","meta":{"om_disable_all_campaigns":false,"_monsterinsights_skip_tracking":false,"_monsterinsights_sitenote_active":false,"_monsterinsights_sitenote_note":"","_monsterinsights_sitenote_category":0},"aioseo_notices":[],"_links":{"self":[{"href":"http:\/\/chantepourlui.com\/index.php?rest_route=\/wp\/v2\/pages\/8"}],"collection":[{"href":"http:\/\/chantepourlui.com\/index.php?rest_route=\/wp\/v2\/pages"}],"about":[{"href":"http:\/\/chantepourlui.com\/index.php?rest_route=\/wp\/v2\/types\/page"}],"author":[{"embeddable":true,"href":"http:\/\/chantepourlui.com\/index.php?rest_route=\/wp\/v2\/users\/1"}],"replies":[{"embeddable":true,"href":"http:\/\/chantepourlui.com\/index.php?rest_route=%2Fwp%2Fv2%2Fcomments&post=8"}],"version-history":[{"count":60,"href":"http:\/\/chantepourlui.com\/index.php?rest_route=\/wp\/v2\/pages\/8\/revisions"}],"predecessor-version":[{"id":259,"href":"http:\/\/chantepourlui.com\/index.php?rest_route=\/wp\/v2\/pages\/8\/revisions\/259"}],"wp:attachment":[{"href":"http:\/\/chantepourlui.com\/index.php?rest_route=%2Fwp%2Fv2%2Fmedia&parent=8"}],"curies":[{"name":"wp","href":"https:\/\/api.w.org\/{rel}","templated":true}]}}